{"id":157,"date":"2025-05-15T15:24:26","date_gmt":"2025-05-15T15:24:26","guid":{"rendered":"http:\/\/juanma"},"modified":"2025-05-15T15:43:06","modified_gmt":"2025-05-15T15:43:06","slug":"declaracion-de-accesibilidad","status":"publish","type":"page","link":"https:\/\/juancarlosdelacruzmartin.es\/var\/www\/vhosts\/juancarlosdelacruzmartin.eshttpdocs\/declaracion-de-accesibilidad\/","title":{"rendered":"Declaraci\u00f3n de accesibilidad"},"content":{"rendered":"\t\t<div data-elementor-type=\"wp-page\" data-elementor-id=\"157\" class=\"elementor elementor-157\" data-elementor-post-type=\"page\">\n\t\t\t\t<div class=\"elementor-element elementor-element-375ad403 e-flex e-con-boxed e-con e-parent\" data-id=\"375ad403\" data-element_type=\"container\">\n\t\t\t\t\t<div class=\"e-con-inner\">\n\t\t\t\t<div class=\"elementor-element elementor-element-6816d106 elementor-widget elementor-widget-text-editor\" data-id=\"6816d106\" data-element_type=\"widget\" data-widget_type=\"text-editor.default\">\n\t\t\t\t<div class=\"elementor-widget-container\">\n\t\t\t\t\t\t\t\t\t\n<div id=\"declaracion-de-accesibilidad\" class=\"textos activo\">\n<div class=\"elementor-widget-container\">\n<p>En la construcci\u00f3n de la p\u00e1gina web de <b><a href=\"https:\/\/https:\/\/juancarlosdelacruzmartin.es\" target=\"_blank\" rel=\"noopener\">https:\/\/juancarlosdelacruzmartin.es<\/a><\/b> se han adoptado medidas con el objetivo de que el mayor n\u00famero posible de personas puedan llegar a la informaci\u00f3n que se transmite en ella, independientemente de las limitaciones de la persona o de las que se deriven del contexto de uso.<\/p>\n<p>As\u00ed, en la confecci\u00f3n del portal se han tenido en cuenta los siguientes aspectos:<\/p>\n<ul>\n<li aria-level=\"1\">Uso de CSS para la presentaci\u00f3n de la informaci\u00f3n.<\/li>\n<li aria-level=\"1\">Etiquetas de marcaje.<\/li>\n<li aria-level=\"1\">Sistemas de navegaci\u00f3n usables, intuitivos y alternativos.<\/li>\n<li aria-level=\"1\">Descripciones alternativas en las im\u00e1genes.<\/li>\n<li aria-level=\"1\">Verificaciones en la visualizaci\u00f3n con diferentes navegadores y dispositivos.<\/li>\n<li aria-level=\"1\">Utilizaci\u00f3n de formatos universales y alternativos.<\/li>\n<li aria-level=\"1\">Los enlaces ofrecen detalles de la funci\u00f3n o destino del hiperv\u00ednculo.<\/li>\n<li aria-level=\"1\">Uso de los est\u00e1ndares del W3C.<\/li>\n<li aria-level=\"1\">Acceso mediante atajos teclado a las principales opciones.<\/li>\n<\/ul>\n<h2><b>Cumplimiento de los est\u00e1ndares<\/b><\/h2>\n<p>Las p\u00e1ginas de este sitio Web cumplen la marca AA seg\u00fan la Norma UNE 139803:2004 y las Directrices de Accesibilidad para el Contenido Web 1.0 del W3C. Todos los requisitos de Prioridad 1 y Prioridad 2 y un subconjunto de los requisitos de Prioridad 3 han sido comprobados con un an\u00e1lisis manual de la accesibilidad a trav\u00e9s de diferentes herramientas semi-autom\u00e1ticas y agentes de usuario.<\/p>\n<h2><b>Atajos de teclado<\/b><\/h2>\n<p>En esta Web puede hacer saltos ordenados en el contenido con la tecla Tab.<\/p>\n<h2><b>Tama\u00f1o del texto<\/b><\/h2>\n<p>El dise\u00f1o accesible permite que el usuario pueda ajustar las fuentes al tama\u00f1o que le convenga. Esta acci\u00f3n puede llevarse a cabo de diferentes maneras seg\u00fan el navegador web que se utilice. A continuaci\u00f3n se indica la acci\u00f3n de men\u00fa donde se encuentra esta funcionalidad en los navegadores m\u00e1s frecuentes:<\/p>\n<ul>\n<li aria-level=\"1\">Mozilla Firefox: Ver &gt; Tama\u00f1o de texto &gt; Incrementar Internet<\/li>\n<li aria-level=\"1\">Internet Explorer: Ver &gt; Tama\u00f1o de texto &gt; M\u00e1s grande<\/li>\n<li aria-level=\"1\">Opera: View &gt; Zoom &gt; %<\/li>\n<li aria-level=\"1\">Safari: View &gt; Make text bigger<\/li>\n<li aria-level=\"1\">Google Chrome: Herramientas &gt; Zoom<\/li>\n<\/ul>\n<h2><b>Configuraci\u00f3n t\u00e9cnica<\/b><\/h2>\n<p>Las p\u00e1ginas web est\u00e1n creadas con el CMS WordPress 6.1.1.<\/p>\n<h2><b>Informaci\u00f3n \u00fatil sobre la accesibilidad<\/b><\/h2>\n<p>Seguidamente se exponen una serie de enlaces organizados en diferentes categor\u00edas \u00fatiles para obtener m\u00e1s informaci\u00f3n sobre la accesibilidad.<\/p>\n<h2><b>Accesibilidad normas y documentos t\u00e9cnicos:<\/b><\/h2>\n<p><a href=\"http:\/\/www.w3c.org\/\">http:\/\/www.w3c.org\/<br \/><\/a>Consorcio World Wide Web, grupo de trabajo de \u00e1mbito internacional que dicta l\u00edneas generales relacionadas con la web.<\/p>\n<p><a href=\"http:\/\/www.w3c.org\/wai\/\">http:\/\/www.w3c.org\/wai\/<br \/><\/a>Iniciativa de Accesibilidad Web del W3C.<\/p>\n<\/div>\n<\/div>\n<p><!-- POLITICA DE COOKIES --><\/p>\n<div id=\"politicas-de-cookies\" class=\"textos\">\n<div class=\"elementor-widget-container\">\n<h2>\u00a0<\/h2>\n<\/div>\n<\/div>\n\n<p>\u00a0<\/p>\n\t\t\t\t\t\t\t\t<\/div>\n\t\t\t\t<\/div>\n\t\t\t\t\t<\/div>\n\t\t\t\t<\/div>\n\t\t\t\t<\/div>\n\t\t","protected":false},"excerpt":{"rendered":"<p>En la construcci\u00f3n de la p\u00e1gina web de https:\/\/juancarlosdelacruzmartin.es se han adoptado medidas con el objetivo de que el mayor n\u00famero posible de personas puedan llegar a la informaci\u00f3n que se transmite en ella, independientemente de las limitaciones de la persona o de las que se deriven del contexto de uso. As\u00ed, en la confecci\u00f3n [&hellip;]<\/p>\n","protected":false},"author":2,"featured_media":0,"parent":0,"menu_order":0,"comment_status":"closed","ping_status":"closed","template":"","meta":{"footnotes":""},"class_list":["post-157","page","type-page","status-publish","hentry"],"yoast_head":"<!-- This site is optimized with the Yoast SEO plugin v25.5 - https:\/\/yoast.com\/wordpress\/plugins\/seo\/ -->\n<title>Declaraci\u00f3n de accesibilidad - juancarlosdelacruzmartin.es<\/title>\n<meta name=\"description\" content=\"En la construcci\u00f3n de la p\u00e1gina web de https:\/\/juancarlosdelacruzmartin.es se han adoptado medidas con el objetivo de que el mayor n\u00famero posible de personas puedan llegar a la informaci\u00f3n que se transmite en ella, independientemente de las limitaciones de la persona o de las que se deriven del contexto de uso. As\u00ed, en la confecci\u00f3n [&hellip;]\" \/>\n<meta name=\"robots\" content=\"noindex, follow\" \/>\n<meta property=\"og:locale\" content=\"es_ES\" \/>\n<meta property=\"og:type\" content=\"article\" \/>\n<meta property=\"og:title\" content=\"Declaraci\u00f3n de accesibilidad - juancarlosdelacruzmartin.es\" \/>\n<meta property=\"og:description\" content=\"En la construcci\u00f3n de la p\u00e1gina web de https:\/\/juancarlosdelacruzmartin.es se han adoptado medidas con el objetivo de que el mayor n\u00famero posible de personas puedan llegar a la informaci\u00f3n que se transmite en ella, independientemente de las limitaciones de la persona o de las que se deriven del contexto de uso. As\u00ed, en la confecci\u00f3n [&hellip;]\" \/>\n<meta property=\"og:url\" content=\"https:\/\/juancarlosdelacruzmartin.es\/declaracion-de-accesibilidad\/\" \/>\n<meta property=\"og:site_name\" content=\"juancarlosdelacruzmartin.es\" \/>\n<meta property=\"article:modified_time\" content=\"2025-05-15T15:43:06+00:00\" \/>\n<meta name=\"twitter:card\" content=\"summary_large_image\" \/>\n<meta name=\"twitter:label1\" content=\"Tiempo de lectura\" \/>\n\t<meta name=\"twitter:data1\" content=\"4 minutos\" \/>\n<script type=\"application\/ld+json\" class=\"yoast-schema-graph\">{\"@context\":\"https:\/\/schema.org\",\"@graph\":[{\"@type\":\"WebPage\",\"@id\":\"https:\/\/juancarlosdelacruzmartin.es\/declaracion-de-accesibilidad\/\",\"url\":\"https:\/\/juancarlosdelacruzmartin.es\/declaracion-de-accesibilidad\/\",\"name\":\"Declaraci\u00f3n de accesibilidad - juancarlosdelacruzmartin.es\",\"isPartOf\":{\"@id\":\"https:\/\/juancarlosdelacruzmartin.es\/#website\"},\"datePublished\":\"2025-05-15T15:24:26+00:00\",\"dateModified\":\"2025-05-15T15:43:06+00:00\",\"breadcrumb\":{\"@id\":\"https:\/\/juancarlosdelacruzmartin.es\/declaracion-de-accesibilidad\/#breadcrumb\"},\"inLanguage\":\"es\",\"potentialAction\":[{\"@type\":\"ReadAction\",\"target\":[\"https:\/\/juancarlosdelacruzmartin.es\/declaracion-de-accesibilidad\/\"]}]},{\"@type\":\"BreadcrumbList\",\"@id\":\"https:\/\/juancarlosdelacruzmartin.es\/declaracion-de-accesibilidad\/#breadcrumb\",\"itemListElement\":[{\"@type\":\"ListItem\",\"position\":1,\"name\":\"Home\",\"item\":\"https:\/\/juancarlosdelacruzmartin.es\/\"},{\"@type\":\"ListItem\",\"position\":2,\"name\":\"Declaraci\u00f3n de accesibilidad\"}]},{\"@type\":\"WebSite\",\"@id\":\"https:\/\/juancarlosdelacruzmartin.es\/#website\",\"url\":\"https:\/\/juancarlosdelacruzmartin.es\/\",\"name\":\"juancarlosdelacruzmartin.es\",\"description\":\"\",\"publisher\":{\"@id\":\"https:\/\/juancarlosdelacruzmartin.es\/#organization\"},\"potentialAction\":[{\"@type\":\"SearchAction\",\"target\":{\"@type\":\"EntryPoint\",\"urlTemplate\":\"https:\/\/juancarlosdelacruzmartin.es\/?s={search_term_string}\"},\"query-input\":{\"@type\":\"PropertyValueSpecification\",\"valueRequired\":true,\"valueName\":\"search_term_string\"}}],\"inLanguage\":\"es\"},{\"@type\":\"Organization\",\"@id\":\"https:\/\/juancarlosdelacruzmartin.es\/#organization\",\"name\":\"juancarlosdelacruzmartin.es\",\"url\":\"https:\/\/juancarlosdelacruzmartin.es\/\",\"logo\":{\"@type\":\"ImageObject\",\"inLanguage\":\"es\",\"@id\":\"https:\/\/juancarlosdelacruzmartin.es\/#\/schema\/logo\/image\/\",\"url\":\"https:\/\/juancarlosdelacruzmartin.es\/var\/www\/vhosts\/juancarlosdelacruzmartin.eshttpdocs\/wp-content\/uploads\/2025\/05\/Logo_Gestor_Simple_plano_abstracto_azul_blanco_y_celeste-removebg-preview-e1753466894230.png\",\"contentUrl\":\"https:\/\/juancarlosdelacruzmartin.es\/var\/www\/vhosts\/juancarlosdelacruzmartin.eshttpdocs\/wp-content\/uploads\/2025\/05\/Logo_Gestor_Simple_plano_abstracto_azul_blanco_y_celeste-removebg-preview-e1753466894230.png\",\"width\":211,\"height\":211,\"caption\":\"juancarlosdelacruzmartin.es\"},\"image\":{\"@id\":\"https:\/\/juancarlosdelacruzmartin.es\/#\/schema\/logo\/image\/\"}}]}<\/script>\n<!-- \/ Yoast SEO plugin. -->","yoast_head_json":{"title":"Declaraci\u00f3n de accesibilidad - juancarlosdelacruzmartin.es","description":"En la construcci\u00f3n de la p\u00e1gina web de https:\/\/juancarlosdelacruzmartin.es se han adoptado medidas con el objetivo de que el mayor n\u00famero posible de personas puedan llegar a la informaci\u00f3n que se transmite en ella, independientemente de las limitaciones de la persona o de las que se deriven del contexto de uso. As\u00ed, en la confecci\u00f3n [&hellip;]","robots":{"index":"noindex","follow":"follow"},"og_locale":"es_ES","og_type":"article","og_title":"Declaraci\u00f3n de accesibilidad - juancarlosdelacruzmartin.es","og_description":"En la construcci\u00f3n de la p\u00e1gina web de https:\/\/juancarlosdelacruzmartin.es se han adoptado medidas con el objetivo de que el mayor n\u00famero posible de personas puedan llegar a la informaci\u00f3n que se transmite en ella, independientemente de las limitaciones de la persona o de las que se deriven del contexto de uso. As\u00ed, en la confecci\u00f3n [&hellip;]","og_url":"https:\/\/juancarlosdelacruzmartin.es\/declaracion-de-accesibilidad\/","og_site_name":"juancarlosdelacruzmartin.es","article_modified_time":"2025-05-15T15:43:06+00:00","twitter_card":"summary_large_image","twitter_misc":{"Tiempo de lectura":"4 minutos"},"schema":{"@context":"https:\/\/schema.org","@graph":[{"@type":"WebPage","@id":"https:\/\/juancarlosdelacruzmartin.es\/declaracion-de-accesibilidad\/","url":"https:\/\/juancarlosdelacruzmartin.es\/declaracion-de-accesibilidad\/","name":"Declaraci\u00f3n de accesibilidad - juancarlosdelacruzmartin.es","isPartOf":{"@id":"https:\/\/juancarlosdelacruzmartin.es\/#website"},"datePublished":"2025-05-15T15:24:26+00:00","dateModified":"2025-05-15T15:43:06+00:00","breadcrumb":{"@id":"https:\/\/juancarlosdelacruzmartin.es\/declaracion-de-accesibilidad\/#breadcrumb"},"inLanguage":"es","potentialAction":[{"@type":"ReadAction","target":["https:\/\/juancarlosdelacruzmartin.es\/declaracion-de-accesibilidad\/"]}]},{"@type":"BreadcrumbList","@id":"https:\/\/juancarlosdelacruzmartin.es\/declaracion-de-accesibilidad\/#breadcrumb","itemListElement":[{"@type":"ListItem","position":1,"name":"Home","item":"https:\/\/juancarlosdelacruzmartin.es\/"},{"@type":"ListItem","position":2,"name":"Declaraci\u00f3n de accesibilidad"}]},{"@type":"WebSite","@id":"https:\/\/juancarlosdelacruzmartin.es\/#website","url":"https:\/\/juancarlosdelacruzmartin.es\/","name":"juancarlosdelacruzmartin.es","description":"","publisher":{"@id":"https:\/\/juancarlosdelacruzmartin.es\/#organization"},"potentialAction":[{"@type":"SearchAction","target":{"@type":"EntryPoint","urlTemplate":"https:\/\/juancarlosdelacruzmartin.es\/?s={search_term_string}"},"query-input":{"@type":"PropertyValueSpecification","valueRequired":true,"valueName":"search_term_string"}}],"inLanguage":"es"},{"@type":"Organization","@id":"https:\/\/juancarlosdelacruzmartin.es\/#organization","name":"juancarlosdelacruzmartin.es","url":"https:\/\/juancarlosdelacruzmartin.es\/","logo":{"@type":"ImageObject","inLanguage":"es","@id":"https:\/\/juancarlosdelacruzmartin.es\/#\/schema\/logo\/image\/","url":"https:\/\/juancarlosdelacruzmartin.es\/var\/www\/vhosts\/juancarlosdelacruzmartin.eshttpdocs\/wp-content\/uploads\/2025\/05\/Logo_Gestor_Simple_plano_abstracto_azul_blanco_y_celeste-removebg-preview-e1753466894230.png","contentUrl":"https:\/\/juancarlosdelacruzmartin.es\/var\/www\/vhosts\/juancarlosdelacruzmartin.eshttpdocs\/wp-content\/uploads\/2025\/05\/Logo_Gestor_Simple_plano_abstracto_azul_blanco_y_celeste-removebg-preview-e1753466894230.png","width":211,"height":211,"caption":"juancarlosdelacruzmartin.es"},"image":{"@id":"https:\/\/juancarlosdelacruzmartin.es\/#\/schema\/logo\/image\/"}}]}},"_links":{"self":[{"href":"https:\/\/juancarlosdelacruzmartin.es\/var\/www\/vhosts\/juancarlosdelacruzmartin.eshttpdocs\/wp-json\/wp\/v2\/pages\/157","targetHints":{"allow":["GET"]}}],"collection":[{"href":"https:\/\/juancarlosdelacruzmartin.es\/var\/www\/vhosts\/juancarlosdelacruzmartin.eshttpdocs\/wp-json\/wp\/v2\/pages"}],"about":[{"href":"https:\/\/juancarlosdelacruzmartin.es\/var\/www\/vhosts\/juancarlosdelacruzmartin.eshttpdocs\/wp-json\/wp\/v2\/types\/page"}],"author":[{"embeddable":true,"href":"https:\/\/juancarlosdelacruzmartin.es\/var\/www\/vhosts\/juancarlosdelacruzmartin.eshttpdocs\/wp-json\/wp\/v2\/users\/2"}],"replies":[{"embeddable":true,"href":"https:\/\/juancarlosdelacruzmartin.es\/var\/www\/vhosts\/juancarlosdelacruzmartin.eshttpdocs\/wp-json\/wp\/v2\/comments?post=157"}],"version-history":[{"count":3,"href":"https:\/\/juancarlosdelacruzmartin.es\/var\/www\/vhosts\/juancarlosdelacruzmartin.eshttpdocs\/wp-json\/wp\/v2\/pages\/157\/revisions"}],"predecessor-version":[{"id":205,"href":"https:\/\/juancarlosdelacruzmartin.es\/var\/www\/vhosts\/juancarlosdelacruzmartin.eshttpdocs\/wp-json\/wp\/v2\/pages\/157\/revisions\/205"}],"wp:attachment":[{"href":"https:\/\/juancarlosdelacruzmartin.es\/var\/www\/vhosts\/juancarlosdelacruzmartin.eshttpdocs\/wp-json\/wp\/v2\/media?parent=157"}],"curies":[{"name":"wp","href":"https:\/\/api.w.org\/{rel}","templated":true}]}}